{"id":6408,"date":"2016-09-03T12:48:42","date_gmt":"2016-09-03T12:48:42","guid":{"rendered":"http:\/\/bosnagate.com\/home\/en\/?post_type=product&#038;p=6408"},"modified":"2025-12-26T10:49:57","modified_gmt":"2025-12-26T10:49:57","slug":"house-rent-vlasic","status":"publish","type":"product","link":"https:\/\/bosnagate.com\/home\/shop\/house-rent-vlasic\/","title":{"rendered":"House rent Vla\u0161i\u0107"},"content":{"rendered":"<p>House for renting on mountain Vla\u0161i\u0107, this house have separate 10 bedrooms, three bathrooms one dayliroom, one theras in glass and kitchen. In this house can sleep 30 people. Have a nice time on Vla\u0161i\u0107<\/p>\n<p>Contact:\u00a00038761109362<\/p>\n","protected":false},"excerpt":{"rendered":"<p>House for renting on mountain Vla\u0161i\u0107, this house have separate 10 bedrooms, three bathrooms one dayliroom, one theras in glass and kitchen. In this house can sleep 30 people. Have a nice time on Vla\u0161i\u0107 Contact:\u00a00038761109362<\/p>\n","protected":false},"featured_media":6407,"template":"","meta":[],"product_brand":[],"product_cat":[124,133],"product_tag":[],"class_list":{"0":"post-6408","1":"product","2":"type-product","3":"status-publish","4":"has-post-thumbnail","6":"product_cat-housing","7":"product_cat-rentvillas","9":"first","10":"instock","11":"shipping-taxable","12":"product-type-simple"},"yoast_head":"<!-- This site is optimized with the Yoast SEO plugin v25.6 - https:\/\/yoast.com\/wordpress\/plugins\/seo\/ -->\n<title>House rent Vla\u0161i\u0107 - \u0628\u0648\u0627\u0628\u0629 \u0627\u0644\u0628\u0648\u0633\u0646\u0629<\/title>\n<meta name=\"description\" content=\"\u0623\u0631\u0627\u0636\u064a \u0644\u0644\u0628\u064a\u0639 \u0641\u064a \u0627\u0644\u0628\u0648\u0633\u0646\u0629 \u0648\u0627\u0644\u0647\u0631\u0633\u0643 \u0627\u0644\u0625\u0633\u062a\u062b\u0645\u0627\u0631 \u0627\u0644\u0639\u0642\u0627\u0631\u064a \u0641\u064a \u0627\u0644\u0628\u0648\u0633\u0646\u0629 \u0627\u0644\u062a\u0645\u0644\u0643 \u0641\u064a \u0627\u0644\u0628\u0648\u0633\u0646\u0629 \u062f\u0644\u064a\u0644\u0643 \u0644\u0634\u0631\u0627\u0621 \u0627\u0644\u0639\u0642\u0627\u0631\u0627\u062a \u0641\u064a \u0627\u0644\u0628\u0648\u0633\u0646\u0629 \u0648\u0627\u0644\u0647\u0631\u0633\u0643 \u0641\u0644\u0644 \u0648 \u0634\u0642\u0642 \u0644\u0644\u0628\u064a\u0639 \u0641\u064a \u0627\u0644\u0628\u0648\u0633\u0646\u0629\" \/>\n<meta name=\"robots\" content=\"index, follow, max-snippet:-1, max-image-preview:large, max-video-preview:-1\" \/>\n<link rel=\"canonical\" href=\"https:\/\/bosnagate.com\/home\/shop\/house-rent-vlasic\/\" \/>\n<meta property=\"og:locale\" content=\"ar_AR\" \/>\n<meta property=\"og:type\" content=\"article\" \/>\n<meta property=\"og:title\" content=\"House rent Vla\u0161i\u0107 - \u0628\u0648\u0627\u0628\u0629 \u0627\u0644\u0628\u0648\u0633\u0646\u0629\" \/>\n<meta property=\"og:description\" content=\"\u0623\u0631\u0627\u0636\u064a \u0644\u0644\u0628\u064a\u0639 \u0641\u064a \u0627\u0644\u0628\u0648\u0633\u0646\u0629 \u0648\u0627\u0644\u0647\u0631\u0633\u0643 \u0627\u0644\u0625\u0633\u062a\u062b\u0645\u0627\u0631 \u0627\u0644\u0639\u0642\u0627\u0631\u064a \u0641\u064a \u0627\u0644\u0628\u0648\u0633\u0646\u0629 \u0627\u0644\u062a\u0645\u0644\u0643 \u0641\u064a \u0627\u0644\u0628\u0648\u0633\u0646\u0629 \u062f\u0644\u064a\u0644\u0643 \u0644\u0634\u0631\u0627\u0621 \u0627\u0644\u0639\u0642\u0627\u0631\u0627\u062a \u0641\u064a \u0627\u0644\u0628\u0648\u0633\u0646\u0629 \u0648\u0627\u0644\u0647\u0631\u0633\u0643 \u0641\u0644\u0644 \u0648 \u0634\u0642\u0642 \u0644\u0644\u0628\u064a\u0639 \u0641\u064a \u0627\u0644\u0628\u0648\u0633\u0646\u0629\" \/>\n<meta property=\"og:url\" content=\"https:\/\/bosnagate.com\/home\/shop\/house-rent-vlasic\/\" \/>\n<meta property=\"og:site_name\" content=\"\u0628\u0648\u0627\u0628\u0629 \u0627\u0644\u0628\u0648\u0633\u0646\u0629\" \/>\n<meta property=\"article:modified_time\" content=\"2025-12-26T10:49:57+00:00\" \/>\n<meta property=\"og:image\" content=\"http:\/\/bosnagate.com\/home\/wp-content\/uploads\/2016\/09\/received_1135296359846857.jpeg\" \/>\n\t<meta property=\"og:image:width\" content=\"768\" \/>\n\t<meta property=\"og:image:height\" content=\"1280\" \/>\n\t<meta property=\"og:image:type\" content=\"image\/jpeg\" \/>\n<meta name=\"twitter:card\" content=\"summary_large_image\" \/>\n<meta name=\"twitter:site\" content=\"@bosnagate\" \/>\n<meta name=\"twitter:label1\" content=\"\u0648\u0642\u062a \u0627\u0644\u0642\u0631\u0627\u0621\u0629 \u0627\u0644\u0645\u064f\u0642\u062f\u0651\u0631\" \/>\n\t<meta name=\"twitter:data1\" content=\"\u062f\u0642\u064a\u0642\u0629 \u0648\u0627\u062d\u062f\u0629\" \/>\n<script type=\"application\/ld+json\" class=\"yoast-schema-graph\">{\"@context\":\"https:\/\/schema.org\",\"@graph\":[{\"@type\":\"WebPage\",\"@id\":\"https:\/\/bosnagate.com\/home\/shop\/house-rent-vlasic\/\",\"url\":\"https:\/\/bosnagate.com\/home\/shop\/house-rent-vlasic\/\",\"name\":\"House rent Vla\u0161i\u0107 - \u0628\u0648\u0627\u0628\u0629 \u0627\u0644\u0628\u0648\u0633\u0646\u0629\",\"isPartOf\":{\"@id\":\"http:\/\/bosnagate.com\/home\/#website\"},\"primaryImageOfPage\":{\"@id\":\"https:\/\/bosnagate.com\/home\/shop\/house-rent-vlasic\/#primaryimage\"},\"image\":{\"@id\":\"https:\/\/bosnagate.com\/home\/shop\/house-rent-vlasic\/#primaryimage\"},\"thumbnailUrl\":\"https:\/\/bosnagate.com\/home\/wp-content\/uploads\/2016\/09\/received_1135296359846857.jpeg\",\"datePublished\":\"2016-09-03T12:48:42+00:00\",\"dateModified\":\"2025-12-26T10:49:57+00:00\",\"description\":\"\u0623\u0631\u0627\u0636\u064a \u0644\u0644\u0628\u064a\u0639 \u0641\u064a \u0627\u0644\u0628\u0648\u0633\u0646\u0629 \u0648\u0627\u0644\u0647\u0631\u0633\u0643 \u0627\u0644\u0625\u0633\u062a\u062b\u0645\u0627\u0631 \u0627\u0644\u0639\u0642\u0627\u0631\u064a \u0641\u064a \u0627\u0644\u0628\u0648\u0633\u0646\u0629 \u0627\u0644\u062a\u0645\u0644\u0643 \u0641\u064a \u0627\u0644\u0628\u0648\u0633\u0646\u0629 \u062f\u0644\u064a\u0644\u0643 \u0644\u0634\u0631\u0627\u0621 \u0627\u0644\u0639\u0642\u0627\u0631\u0627\u062a \u0641\u064a \u0627\u0644\u0628\u0648\u0633\u0646\u0629 \u0648\u0627\u0644\u0647\u0631\u0633\u0643 \u0641\u0644\u0644 \u0648 \u0634\u0642\u0642 \u0644\u0644\u0628\u064a\u0639 \u0641\u064a \u0627\u0644\u0628\u0648\u0633\u0646\u0629\",\"breadcrumb\":{\"@id\":\"https:\/\/bosnagate.com\/home\/shop\/house-rent-vlasic\/#breadcrumb\"},\"inLanguage\":\"ar\",\"potentialAction\":[{\"@type\":\"ReadAction\",\"target\":[\"https:\/\/bosnagate.com\/home\/shop\/house-rent-vlasic\/\"]}]},{\"@type\":\"ImageObject\",\"inLanguage\":\"ar\",\"@id\":\"https:\/\/bosnagate.com\/home\/shop\/house-rent-vlasic\/#primaryimage\",\"url\":\"https:\/\/bosnagate.com\/home\/wp-content\/uploads\/2016\/09\/received_1135296359846857.jpeg\",\"contentUrl\":\"https:\/\/bosnagate.com\/home\/wp-content\/uploads\/2016\/09\/received_1135296359846857.jpeg\",\"width\":768,\"height\":1280},{\"@type\":\"BreadcrumbList\",\"@id\":\"https:\/\/bosnagate.com\/home\/shop\/house-rent-vlasic\/#breadcrumb\",\"itemListElement\":[{\"@type\":\"ListItem\",\"position\":1,\"name\":\"\u0627\u0644\u0645\u0646\u062a\u062c\u0627\u062a\",\"item\":\"http:\/\/bosnagate.com\/home\/shop\/\"},{\"@type\":\"ListItem\",\"position\":2,\"name\":\"House rent Vla\u0161i\u0107\"}]},{\"@type\":\"WebSite\",\"@id\":\"http:\/\/bosnagate.com\/home\/#website\",\"url\":\"http:\/\/bosnagate.com\/home\/\",\"name\":\"\u0628\u0648\u0627\u0628\u0629 \u0627\u0644\u0628\u0648\u0633\u0646\u0629\",\"description\":\"\u0627\u0648\u0644 \u0648\u0627\u0643\u0628\u0631 \u062a\u062c\u0645\u0639 \u0639\u0631\u0628\u064a \u0627\u0644\u0643\u062a\u0631\u0648\u0646\u064a \u0644\u0644\u0633\u064a\u0627\u062d\u0629 \u0648\u0627\u0644\u0625\u0633\u062a\u062b\u0645\u0627\u0631 \u0641\u064a \u0627\u0644\u0628\u0648\u0633\u0646\u0629\",\"potentialAction\":[{\"@type\":\"SearchAction\",\"target\":{\"@type\":\"EntryPoint\",\"urlTemplate\":\"http:\/\/bosnagate.com\/home\/?s={search_term_string}\"},\"query-input\":{\"@type\":\"PropertyValueSpecification\",\"valueRequired\":true,\"valueName\":\"search_term_string\"}}],\"inLanguage\":\"ar\"}]}<\/script>\n<!-- \/ Yoast SEO plugin. -->","yoast_head_json":{"title":"House rent Vla\u0161i\u0107 - \u0628\u0648\u0627\u0628\u0629 \u0627\u0644\u0628\u0648\u0633\u0646\u0629","description":"\u0623\u0631\u0627\u0636\u064a \u0644\u0644\u0628\u064a\u0639 \u0641\u064a \u0627\u0644\u0628\u0648\u0633\u0646\u0629 \u0648\u0627\u0644\u0647\u0631\u0633\u0643 \u0627\u0644\u0625\u0633\u062a\u062b\u0645\u0627\u0631 \u0627\u0644\u0639\u0642\u0627\u0631\u064a \u0641\u064a \u0627\u0644\u0628\u0648\u0633\u0646\u0629 \u0627\u0644\u062a\u0645\u0644\u0643 \u0641\u064a \u0627\u0644\u0628\u0648\u0633\u0646\u0629 \u062f\u0644\u064a\u0644\u0643 \u0644\u0634\u0631\u0627\u0621 \u0627\u0644\u0639\u0642\u0627\u0631\u0627\u062a \u0641\u064a \u0627\u0644\u0628\u0648\u0633\u0646\u0629 \u0648\u0627\u0644\u0647\u0631\u0633\u0643 \u0641\u0644\u0644 \u0648 \u0634\u0642\u0642 \u0644\u0644\u0628\u064a\u0639 \u0641\u064a \u0627\u0644\u0628\u0648\u0633\u0646\u0629","robots":{"index":"index","follow":"follow","max-snippet":"max-snippet:-1","max-image-preview":"max-image-preview:large","max-video-preview":"max-video-preview:-1"},"canonical":"https:\/\/bosnagate.com\/home\/shop\/house-rent-vlasic\/","og_locale":"ar_AR","og_type":"article","og_title":"House rent Vla\u0161i\u0107 - \u0628\u0648\u0627\u0628\u0629 \u0627\u0644\u0628\u0648\u0633\u0646\u0629","og_description":"\u0623\u0631\u0627\u0636\u064a \u0644\u0644\u0628\u064a\u0639 \u0641\u064a \u0627\u0644\u0628\u0648\u0633\u0646\u0629 \u0648\u0627\u0644\u0647\u0631\u0633\u0643 \u0627\u0644\u0625\u0633\u062a\u062b\u0645\u0627\u0631 \u0627\u0644\u0639\u0642\u0627\u0631\u064a \u0641\u064a \u0627\u0644\u0628\u0648\u0633\u0646\u0629 \u0627\u0644\u062a\u0645\u0644\u0643 \u0641\u064a \u0627\u0644\u0628\u0648\u0633\u0646\u0629 \u062f\u0644\u064a\u0644\u0643 \u0644\u0634\u0631\u0627\u0621 \u0627\u0644\u0639\u0642\u0627\u0631\u0627\u062a \u0641\u064a \u0627\u0644\u0628\u0648\u0633\u0646\u0629 \u0648\u0627\u0644\u0647\u0631\u0633\u0643 \u0641\u0644\u0644 \u0648 \u0634\u0642\u0642 \u0644\u0644\u0628\u064a\u0639 \u0641\u064a \u0627\u0644\u0628\u0648\u0633\u0646\u0629","og_url":"https:\/\/bosnagate.com\/home\/shop\/house-rent-vlasic\/","og_site_name":"\u0628\u0648\u0627\u0628\u0629 \u0627\u0644\u0628\u0648\u0633\u0646\u0629","article_modified_time":"2025-12-26T10:49:57+00:00","og_image":[{"width":768,"height":1280,"url":"http:\/\/bosnagate.com\/home\/wp-content\/uploads\/2016\/09\/received_1135296359846857.jpeg","type":"image\/jpeg"}],"twitter_card":"summary_large_image","twitter_site":"@bosnagate","twitter_misc":{"\u0648\u0642\u062a \u0627\u0644\u0642\u0631\u0627\u0621\u0629 \u0627\u0644\u0645\u064f\u0642\u062f\u0651\u0631":"\u062f\u0642\u064a\u0642\u0629 \u0648\u0627\u062d\u062f\u0629"},"schema":{"@context":"https:\/\/schema.org","@graph":[{"@type":"WebPage","@id":"https:\/\/bosnagate.com\/home\/shop\/house-rent-vlasic\/","url":"https:\/\/bosnagate.com\/home\/shop\/house-rent-vlasic\/","name":"House rent Vla\u0161i\u0107 - \u0628\u0648\u0627\u0628\u0629 \u0627\u0644\u0628\u0648\u0633\u0646\u0629","isPartOf":{"@id":"http:\/\/bosnagate.com\/home\/#website"},"primaryImageOfPage":{"@id":"https:\/\/bosnagate.com\/home\/shop\/house-rent-vlasic\/#primaryimage"},"image":{"@id":"https:\/\/bosnagate.com\/home\/shop\/house-rent-vlasic\/#primaryimage"},"thumbnailUrl":"https:\/\/bosnagate.com\/home\/wp-content\/uploads\/2016\/09\/received_1135296359846857.jpeg","datePublished":"2016-09-03T12:48:42+00:00","dateModified":"2025-12-26T10:49:57+00:00","description":"\u0623\u0631\u0627\u0636\u064a \u0644\u0644\u0628\u064a\u0639 \u0641\u064a \u0627\u0644\u0628\u0648\u0633\u0646\u0629 \u0648\u0627\u0644\u0647\u0631\u0633\u0643 \u0627\u0644\u0625\u0633\u062a\u062b\u0645\u0627\u0631 \u0627\u0644\u0639\u0642\u0627\u0631\u064a \u0641\u064a \u0627\u0644\u0628\u0648\u0633\u0646\u0629 \u0627\u0644\u062a\u0645\u0644\u0643 \u0641\u064a \u0627\u0644\u0628\u0648\u0633\u0646\u0629 \u062f\u0644\u064a\u0644\u0643 \u0644\u0634\u0631\u0627\u0621 \u0627\u0644\u0639\u0642\u0627\u0631\u0627\u062a \u0641\u064a \u0627\u0644\u0628\u0648\u0633\u0646\u0629 \u0648\u0627\u0644\u0647\u0631\u0633\u0643 \u0641\u0644\u0644 \u0648 \u0634\u0642\u0642 \u0644\u0644\u0628\u064a\u0639 \u0641\u064a \u0627\u0644\u0628\u0648\u0633\u0646\u0629","breadcrumb":{"@id":"https:\/\/bosnagate.com\/home\/shop\/house-rent-vlasic\/#breadcrumb"},"inLanguage":"ar","potentialAction":[{"@type":"ReadAction","target":["https:\/\/bosnagate.com\/home\/shop\/house-rent-vlasic\/"]}]},{"@type":"ImageObject","inLanguage":"ar","@id":"https:\/\/bosnagate.com\/home\/shop\/house-rent-vlasic\/#primaryimage","url":"https:\/\/bosnagate.com\/home\/wp-content\/uploads\/2016\/09\/received_1135296359846857.jpeg","contentUrl":"https:\/\/bosnagate.com\/home\/wp-content\/uploads\/2016\/09\/received_1135296359846857.jpeg","width":768,"height":1280},{"@type":"BreadcrumbList","@id":"https:\/\/bosnagate.com\/home\/shop\/house-rent-vlasic\/#breadcrumb","itemListElement":[{"@type":"ListItem","position":1,"name":"\u0627\u0644\u0645\u0646\u062a\u062c\u0627\u062a","item":"http:\/\/bosnagate.com\/home\/shop\/"},{"@type":"ListItem","position":2,"name":"House rent Vla\u0161i\u0107"}]},{"@type":"WebSite","@id":"http:\/\/bosnagate.com\/home\/#website","url":"http:\/\/bosnagate.com\/home\/","name":"\u0628\u0648\u0627\u0628\u0629 \u0627\u0644\u0628\u0648\u0633\u0646\u0629","description":"\u0627\u0648\u0644 \u0648\u0627\u0643\u0628\u0631 \u062a\u062c\u0645\u0639 \u0639\u0631\u0628\u064a \u0627\u0644\u0643\u062a\u0631\u0648\u0646\u064a \u0644\u0644\u0633\u064a\u0627\u062d\u0629 \u0648\u0627\u0644\u0625\u0633\u062a\u062b\u0645\u0627\u0631 \u0641\u064a \u0627\u0644\u0628\u0648\u0633\u0646\u0629","potentialAction":[{"@type":"SearchAction","target":{"@type":"EntryPoint","urlTemplate":"http:\/\/bosnagate.com\/home\/?s={search_term_string}"},"query-input":{"@type":"PropertyValueSpecification","valueRequired":true,"valueName":"search_term_string"}}],"inLanguage":"ar"}]}},"_links":{"self":[{"href":"https:\/\/bosnagate.com\/home\/wp-json\/wp\/v2\/product\/6408"}],"collection":[{"href":"https:\/\/bosnagate.com\/home\/wp-json\/wp\/v2\/product"}],"about":[{"href":"https:\/\/bosnagate.com\/home\/wp-json\/wp\/v2\/types\/product"}],"wp:featuredmedia":[{"embeddable":true,"href":"https:\/\/bosnagate.com\/home\/wp-json\/wp\/v2\/media\/6407"}],"wp:attachment":[{"href":"https:\/\/bosnagate.com\/home\/wp-json\/wp\/v2\/media?parent=6408"}],"wp:term":[{"taxonomy":"product_brand","embeddable":true,"href":"https:\/\/bosnagate.com\/home\/wp-json\/wp\/v2\/product_brand?post=6408"},{"taxonomy":"product_cat","embeddable":true,"href":"https:\/\/bosnagate.com\/home\/wp-json\/wp\/v2\/product_cat?post=6408"},{"taxonomy":"product_tag","embeddable":true,"href":"https:\/\/bosnagate.com\/home\/wp-json\/wp\/v2\/product_tag?post=6408"}],"curies":[{"name":"wp","href":"https:\/\/api.w.org\/{rel}","templated":true}]}}